

{"id":9356,"date":"2018-10-02T15:07:45","date_gmt":"2018-10-02T14:07:45","guid":{"rendered":"https:\/\/museozoom.be\/?page_id=9356"},"modified":"2023-12-06T12:47:06","modified_gmt":"2023-12-06T11:47:06","slug":"museumpassmusees","status":"publish","type":"page","link":"https:\/\/museozoom.be\/nl\/museumpassmusees\/","title":{"rendered":"1 pas, 243 musea, 300+ expo&#8217;s"},"content":{"rendered":"<p>Betaal \u00e9\u00e9n keer \u20ac59 en bezoek \u00e9\u00e9n jaar lang alle 243 deelnemende Belgische musea. Niet \u00e9\u00e9n keer, maar liefst zo vaak en wanneer je wil. <span lang=\"nl\">Het perfecte excuus voor een klein cultuurbad!<\/span><\/p>\n<p><a href=\"https:\/\/museozoom.be\/wp-content\/uploads\/2020\/10\/MPM_Belgie-illu_970x250_NL-1.jpg\"><img fetchpriority=\"high\" decoding=\"async\" class=\"aligncenter wp-image-17824 size-full\" src=\"https:\/\/museozoom.be\/wp-content\/uploads\/2020\/10\/MPM_Belgie-illu_970x250_NL-1.jpg\" alt=\"\" width=\"970\" height=\"250\" srcset=\"https:\/\/museozoom.be\/wp-content\/uploads\/2020\/10\/MPM_Belgie-illu_970x250_NL-1.jpg 970w, https:\/\/museozoom.be\/wp-content\/uploads\/2020\/10\/MPM_Belgie-illu_970x250_NL-1-300x77.jpg 300w, https:\/\/museozoom.be\/wp-content\/uploads\/2020\/10\/MPM_Belgie-illu_970x250_NL-1-768x198.jpg 768w\" sizes=\"(max-width: 970px) 100vw, 970px\" \/><\/a><\/p>\n<p style=\"text-align: center;\"><a href=\"https:\/\/www.museumpassmusees.be\/nl?refp=a3b89df2-1894-4ec4-998a-6ecb88c681e2&amp;utm_source=msw&amp;utm_medium=website\">Bestel je museumpas<\/a>\u00a0!<\/p>\n","protected":false},"excerpt":{"rendered":"<p>Betaal \u00e9\u00e9n keer \u20ac59 en bezoek \u00e9\u00e9n jaar lang alle 243 deelnemende Belgische musea. Niet \u00e9\u00e9n keer, maar liefst zo vaak en wanneer je wil. Het perfecte excuus voor een klein cultuurbad! Bestel je museumpas\u00a0!<\/p>\n","protected":false},"author":10,"featured_media":0,"parent":0,"menu_order":0,"comment_status":"closed","ping_status":"closed","template":"default-template.php","meta":{"footnotes":""},"class_list":["post-9356","page","type-page","status-publish","hentry"],"yoast_head":"<!-- This site is optimized with the Yoast SEO plugin v23.3 - https:\/\/yoast.com\/wordpress\/plugins\/seo\/ -->\n<title>1 pas, 243 musea, 300+ expo&#039;s - museozoom<\/title>\n<meta name=\"robots\" content=\"index, follow, max-snippet:-1, max-image-preview:large, max-video-preview:-1\" \/>\n<link rel=\"canonical\" href=\"https:\/\/museozoom.be\/nl\/museumpassmusees\/\" \/>\n<meta property=\"og:locale\" content=\"nl_NL\" \/>\n<meta property=\"og:type\" content=\"article\" \/>\n<meta property=\"og:title\" content=\"1 pas, 243 musea, 300+ expo&#039;s - museozoom\" \/>\n<meta property=\"og:description\" content=\"Betaal \u00e9\u00e9n keer \u20ac59 en bezoek \u00e9\u00e9n jaar lang alle 243 deelnemende Belgische musea. Niet \u00e9\u00e9n keer, maar liefst zo vaak en wanneer je wil. Het perfecte excuus voor een klein cultuurbad! Bestel je museumpas\u00a0!\" \/>\n<meta property=\"og:url\" content=\"https:\/\/museozoom.be\/nl\/museumpassmusees\/\" \/>\n<meta property=\"og:site_name\" content=\"museozoom\" \/>\n<meta property=\"article:modified_time\" content=\"2023-12-06T11:47:06+00:00\" \/>\n<meta property=\"og:image\" content=\"https:\/\/museozoom.be\/wp-content\/uploads\/2020\/10\/MPM_Belgie-illu_970x250_NL-1.jpg\" \/>\n<meta name=\"twitter:card\" content=\"summary_large_image\" \/>\n<meta name=\"twitter:label1\" content=\"Geschatte leestijd\" \/>\n\t<meta name=\"twitter:data1\" content=\"1 minuut\" \/>\n<script type=\"application\/ld+json\" class=\"yoast-schema-graph\">{\"@context\":\"https:\/\/schema.org\",\"@graph\":[{\"@type\":\"WebPage\",\"@id\":\"https:\/\/museozoom.be\/nl\/museumpassmusees\/\",\"url\":\"https:\/\/museozoom.be\/nl\/museumpassmusees\/\",\"name\":\"1 pas, 243 musea, 300+ expo's - museozoom\",\"isPartOf\":{\"@id\":\"https:\/\/museozoom.be\/#website\"},\"primaryImageOfPage\":{\"@id\":\"https:\/\/museozoom.be\/nl\/museumpassmusees\/#primaryimage\"},\"image\":{\"@id\":\"https:\/\/museozoom.be\/nl\/museumpassmusees\/#primaryimage\"},\"thumbnailUrl\":\"https:\/\/museozoom.be\/wp-content\/uploads\/2020\/10\/MPM_Belgie-illu_970x250_NL-1.jpg\",\"datePublished\":\"2018-10-02T14:07:45+00:00\",\"dateModified\":\"2023-12-06T11:47:06+00:00\",\"breadcrumb\":{\"@id\":\"https:\/\/museozoom.be\/nl\/museumpassmusees\/#breadcrumb\"},\"inLanguage\":\"nl-NL\",\"potentialAction\":[{\"@type\":\"ReadAction\",\"target\":[\"https:\/\/museozoom.be\/nl\/museumpassmusees\/\"]}]},{\"@type\":\"ImageObject\",\"inLanguage\":\"nl-NL\",\"@id\":\"https:\/\/museozoom.be\/nl\/museumpassmusees\/#primaryimage\",\"url\":\"https:\/\/museozoom.be\/wp-content\/uploads\/2020\/10\/MPM_Belgie-illu_970x250_NL-1.jpg\",\"contentUrl\":\"https:\/\/museozoom.be\/wp-content\/uploads\/2020\/10\/MPM_Belgie-illu_970x250_NL-1.jpg\"},{\"@type\":\"BreadcrumbList\",\"@id\":\"https:\/\/museozoom.be\/nl\/museumpassmusees\/#breadcrumb\",\"itemListElement\":[{\"@type\":\"ListItem\",\"position\":1,\"name\":\"Accueil\",\"item\":\"https:\/\/museozoom.be\/\"},{\"@type\":\"ListItem\",\"position\":2,\"name\":\"1 pas, 243 musea, 300+ expo&rsquo;s\"}]},{\"@type\":\"WebSite\",\"@id\":\"https:\/\/museozoom.be\/#website\",\"url\":\"https:\/\/museozoom.be\/\",\"name\":\"museozoom\",\"description\":\"les mus\u00e9es sortent du cadre\",\"potentialAction\":[{\"@type\":\"SearchAction\",\"target\":{\"@type\":\"EntryPoint\",\"urlTemplate\":\"https:\/\/museozoom.be\/?s={search_term_string}\"},\"query-input\":\"required name=search_term_string\"}],\"inLanguage\":\"nl-NL\"}]}<\/script>\n<!-- \/ Yoast SEO plugin. -->","yoast_head_json":{"title":"1 pas, 243 musea, 300+ expo's - museozoom","robots":{"index":"index","follow":"follow","max-snippet":"max-snippet:-1","max-image-preview":"max-image-preview:large","max-video-preview":"max-video-preview:-1"},"canonical":"https:\/\/museozoom.be\/nl\/museumpassmusees\/","og_locale":"nl_NL","og_type":"article","og_title":"1 pas, 243 musea, 300+ expo's - museozoom","og_description":"Betaal \u00e9\u00e9n keer \u20ac59 en bezoek \u00e9\u00e9n jaar lang alle 243 deelnemende Belgische musea. Niet \u00e9\u00e9n keer, maar liefst zo vaak en wanneer je wil. Het perfecte excuus voor een klein cultuurbad! Bestel je museumpas\u00a0!","og_url":"https:\/\/museozoom.be\/nl\/museumpassmusees\/","og_site_name":"museozoom","article_modified_time":"2023-12-06T11:47:06+00:00","og_image":[{"url":"https:\/\/museozoom.be\/wp-content\/uploads\/2020\/10\/MPM_Belgie-illu_970x250_NL-1.jpg"}],"twitter_card":"summary_large_image","twitter_misc":{"Geschatte leestijd":"1 minuut"},"schema":{"@context":"https:\/\/schema.org","@graph":[{"@type":"WebPage","@id":"https:\/\/museozoom.be\/nl\/museumpassmusees\/","url":"https:\/\/museozoom.be\/nl\/museumpassmusees\/","name":"1 pas, 243 musea, 300+ expo's - museozoom","isPartOf":{"@id":"https:\/\/museozoom.be\/#website"},"primaryImageOfPage":{"@id":"https:\/\/museozoom.be\/nl\/museumpassmusees\/#primaryimage"},"image":{"@id":"https:\/\/museozoom.be\/nl\/museumpassmusees\/#primaryimage"},"thumbnailUrl":"https:\/\/museozoom.be\/wp-content\/uploads\/2020\/10\/MPM_Belgie-illu_970x250_NL-1.jpg","datePublished":"2018-10-02T14:07:45+00:00","dateModified":"2023-12-06T11:47:06+00:00","breadcrumb":{"@id":"https:\/\/museozoom.be\/nl\/museumpassmusees\/#breadcrumb"},"inLanguage":"nl-NL","potentialAction":[{"@type":"ReadAction","target":["https:\/\/museozoom.be\/nl\/museumpassmusees\/"]}]},{"@type":"ImageObject","inLanguage":"nl-NL","@id":"https:\/\/museozoom.be\/nl\/museumpassmusees\/#primaryimage","url":"https:\/\/museozoom.be\/wp-content\/uploads\/2020\/10\/MPM_Belgie-illu_970x250_NL-1.jpg","contentUrl":"https:\/\/museozoom.be\/wp-content\/uploads\/2020\/10\/MPM_Belgie-illu_970x250_NL-1.jpg"},{"@type":"BreadcrumbList","@id":"https:\/\/museozoom.be\/nl\/museumpassmusees\/#breadcrumb","itemListElement":[{"@type":"ListItem","position":1,"name":"Accueil","item":"https:\/\/museozoom.be\/"},{"@type":"ListItem","position":2,"name":"1 pas, 243 musea, 300+ expo&rsquo;s"}]},{"@type":"WebSite","@id":"https:\/\/museozoom.be\/#website","url":"https:\/\/museozoom.be\/","name":"museozoom","description":"les mus\u00e9es sortent du cadre","potentialAction":[{"@type":"SearchAction","target":{"@type":"EntryPoint","urlTemplate":"https:\/\/museozoom.be\/?s={search_term_string}"},"query-input":"required name=search_term_string"}],"inLanguage":"nl-NL"}]}},"_links":{"self":[{"href":"https:\/\/museozoom.be\/nl\/wp-json\/wp\/v2\/pages\/9356","targetHints":{"allow":["GET"]}}],"collection":[{"href":"https:\/\/museozoom.be\/nl\/wp-json\/wp\/v2\/pages"}],"about":[{"href":"https:\/\/museozoom.be\/nl\/wp-json\/wp\/v2\/types\/page"}],"author":[{"embeddable":true,"href":"https:\/\/museozoom.be\/nl\/wp-json\/wp\/v2\/users\/10"}],"replies":[{"embeddable":true,"href":"https:\/\/museozoom.be\/nl\/wp-json\/wp\/v2\/comments?post=9356"}],"version-history":[{"count":22,"href":"https:\/\/museozoom.be\/nl\/wp-json\/wp\/v2\/pages\/9356\/revisions"}],"predecessor-version":[{"id":29776,"href":"https:\/\/museozoom.be\/nl\/wp-json\/wp\/v2\/pages\/9356\/revisions\/29776"}],"wp:attachment":[{"href":"https:\/\/museozoom.be\/nl\/wp-json\/wp\/v2\/media?parent=9356"}],"curies":[{"name":"wp","href":"https:\/\/api.w.org\/{rel}","templated":true}]}}